{"id":1674,"date":"2025-09-15T13:54:58","date_gmt":"2025-09-15T11:54:58","guid":{"rendered":"https:\/\/calmavillas.com\/blog"},"modified":"2026-04-14T12:27:52","modified_gmt":"2026-04-14T10:27:52","slug":"blog","status":"publish","type":"page","link":"https:\/\/calmavillas.com\/ca\/blog","title":{"rendered":"Blog"},"content":{"rendered":"\t\t<div data-elementor-type=\"wp-page\" data-elementor-id=\"1674\" class=\"elementor elementor-1674 elementor-1625\" data-elementor-post-type=\"page\">\n\t\t\t\t<div class=\"elementor-element elementor-element-74eedf5 e-flex e-con-boxed e-con e-parent\" data-id=\"74eedf5\" data-element_type=\"container\" data-e-type=\"container\">\n\t\t\t\t\t<div class=\"e-con-inner\">\n\t\t\t\t<div class=\"elementor-element elementor-element-47c6f6a elementor-widget elementor-widget-heading\" data-id=\"47c6f6a\" data-element_type=\"widget\" data-e-type=\"widget\" data-widget_type=\"heading.default\">\n\t\t\t\t<div class=\"elementor-widget-container\">\n\t\t\t\t\t<h1 class=\"elementor-heading-title elementor-size-default\">Un blog amb cAlma<\/h1>\t\t\t\t<\/div>\n\t\t\t\t<\/div>\n\t\t\t\t<div class=\"elementor-element elementor-element-b19d0e1 elementor-widget__width-initial elementor-widget elementor-widget-text-editor\" data-id=\"b19d0e1\" data-element_type=\"widget\" data-e-type=\"widget\" data-widget_type=\"text-editor.default\">\n\t\t\t\t<div class=\"elementor-widget-container\">\n\t\t\t\t\t\t\t\t\t<p>Troba inspiraci\u00f3 per organitzar esdeveniments exclusius a prop de Barcelona en entorns mediterranis plens d\u2019encant. Descobreix idees creatives, tend\u00e8ncies en celebracions privades, consells per treure el m\u00e0xim partit a les nostres viles i masies per a esdeveniments i inspiraci\u00f3 per crear experi\u00e8ncies \u00faniques. A Calma Villas, unim la calma i l\u2019\u00e0nima de cada propietat per donar vida a records inoblidables.  <\/p>\n\t\t\t\t\t\t\t\t<\/div>\n\t\t\t\t<\/div>\n\t\t\t\t\t<\/div>\n\t\t\t\t<\/div>\n\t\t<div class=\"elementor-element elementor-element-44784a2 e-flex e-con-boxed e-con e-parent\" data-id=\"44784a2\" data-element_type=\"container\" data-e-type=\"container\">\n\t\t\t\t\t<div class=\"e-con-inner\">\n\t\t\t\t\t<\/div>\n\t\t\t\t<\/div>\n\t\t\t\t<\/div>\n\t\t","protected":false},"excerpt":{"rendered":"<p>Un blog amb cAlma Troba inspiraci\u00f3 per organitzar esdeveniments exclusius a prop de Barcelona en entorns mediterranis plens d\u2019encant. Descobreix idees creatives, tend\u00e8ncies en celebracions privades, consells per treure el m\u00e0xim partit a les nostres viles i masies per a esdeveniments i inspiraci\u00f3 per crear experi\u00e8ncies \u00faniques. A Calma Villas, unim la calma i l\u2019\u00e0nima [&hellip;]<\/p>\n","protected":false},"author":1,"featured_media":0,"parent":0,"menu_order":8,"comment_status":"closed","ping_status":"closed","template":"","meta":{"footnotes":""},"class_list":["post-1674","page","type-page","status-publish","hentry"],"_links":{"self":[{"href":"https:\/\/calmavillas.com\/ca\/wp-json\/wp\/v2\/pages\/1674","targetHints":{"allow":["GET"]}}],"collection":[{"href":"https:\/\/calmavillas.com\/ca\/wp-json\/wp\/v2\/pages"}],"about":[{"href":"https:\/\/calmavillas.com\/ca\/wp-json\/wp\/v2\/types\/page"}],"author":[{"embeddable":true,"href":"https:\/\/calmavillas.com\/ca\/wp-json\/wp\/v2\/users\/1"}],"replies":[{"embeddable":true,"href":"https:\/\/calmavillas.com\/ca\/wp-json\/wp\/v2\/comments?post=1674"}],"version-history":[{"count":3,"href":"https:\/\/calmavillas.com\/ca\/wp-json\/wp\/v2\/pages\/1674\/revisions"}],"predecessor-version":[{"id":3652,"href":"https:\/\/calmavillas.com\/ca\/wp-json\/wp\/v2\/pages\/1674\/revisions\/3652"}],"wp:attachment":[{"href":"https:\/\/calmavillas.com\/ca\/wp-json\/wp\/v2\/media?parent=1674"}],"curies":[{"name":"wp","href":"https:\/\/api.w.org\/{rel}","templated":true}]}}