{"id":1678,"date":"2025-09-15T13:54:58","date_gmt":"2025-09-15T11:54:58","guid":{"rendered":"https:\/\/calmavillas.com\/blog"},"modified":"2026-04-14T12:27:52","modified_gmt":"2026-04-14T10:27:52","slug":"blog","status":"publish","type":"page","link":"https:\/\/calmavillas.com\/fr\/blog","title":{"rendered":"Blog"},"content":{"rendered":"\t\t<div data-elementor-type=\"wp-page\" data-elementor-id=\"1678\" class=\"elementor elementor-1678 elementor-1625\" data-elementor-post-type=\"page\">\n\t\t\t\t<div class=\"elementor-element elementor-element-74eedf5 e-flex e-con-boxed e-con e-parent\" data-id=\"74eedf5\" data-element_type=\"container\" data-e-type=\"container\">\n\t\t\t\t\t<div class=\"e-con-inner\">\n\t\t\t\t<div class=\"elementor-element elementor-element-47c6f6a elementor-widget elementor-widget-heading\" data-id=\"47c6f6a\" data-element_type=\"widget\" data-e-type=\"widget\" data-widget_type=\"heading.default\">\n\t\t\t\t<div class=\"elementor-widget-container\">\n\t\t\t\t\t<h1 class=\"elementor-heading-title elementor-size-default\">Un blog avec cAlma<\/h1>\t\t\t\t<\/div>\n\t\t\t\t<\/div>\n\t\t\t\t<div class=\"elementor-element elementor-element-b19d0e1 elementor-widget__width-initial elementor-widget elementor-widget-text-editor\" data-id=\"b19d0e1\" data-element_type=\"widget\" data-e-type=\"widget\" data-widget_type=\"text-editor.default\">\n\t\t\t\t<div class=\"elementor-widget-container\">\n\t\t\t\t\t\t\t\t\t<p>Trouvez l\u2019inspiration pour organiser des \u00e9v\u00e9nements exclusifs pr\u00e8s de Barcelone dans des cadres m\u00e9diterran\u00e9ens pleins de charme. D\u00e9couvrez des id\u00e9es cr\u00e9atives, des tendances en c\u00e9l\u00e9brations priv\u00e9es, des conseils pour profiter au maximum de nos villas et mas authentiques pour \u00e9v\u00e9nements, et de l\u2019inspiration pour cr\u00e9er des exp\u00e9riences uniques. Chez Calma Villas, nous unissons la calme et l\u2019\u00e2me de chaque propri\u00e9t\u00e9 pour donner vie \u00e0 des souvenirs inoubliables.  <\/p>\n\t\t\t\t\t\t\t\t<\/div>\n\t\t\t\t<\/div>\n\t\t\t\t\t<\/div>\n\t\t\t\t<\/div>\n\t\t<div class=\"elementor-element elementor-element-44784a2 e-flex e-con-boxed e-con e-parent\" data-id=\"44784a2\" data-element_type=\"container\" data-e-type=\"container\">\n\t\t\t\t\t<div class=\"e-con-inner\">\n\t\t\t\t\t<\/div>\n\t\t\t\t<\/div>\n\t\t\t\t<\/div>\n\t\t","protected":false},"excerpt":{"rendered":"<p>Un blog avec cAlma Trouvez l\u2019inspiration pour organiser des \u00e9v\u00e9nements exclusifs pr\u00e8s de Barcelone dans des cadres m\u00e9diterran\u00e9ens pleins de charme. D\u00e9couvrez des id\u00e9es cr\u00e9atives, des tendances en c\u00e9l\u00e9brations priv\u00e9es, des conseils pour profiter au maximum de nos villas et mas authentiques pour \u00e9v\u00e9nements, et de l\u2019inspiration pour cr\u00e9er des exp\u00e9riences uniques. Chez Calma Villas, [&hellip;]<\/p>\n","protected":false},"author":1,"featured_media":0,"parent":0,"menu_order":8,"comment_status":"closed","ping_status":"closed","template":"","meta":{"footnotes":""},"class_list":["post-1678","page","type-page","status-publish","hentry"],"_links":{"self":[{"href":"https:\/\/calmavillas.com\/fr\/wp-json\/wp\/v2\/pages\/1678","targetHints":{"allow":["GET"]}}],"collection":[{"href":"https:\/\/calmavillas.com\/fr\/wp-json\/wp\/v2\/pages"}],"about":[{"href":"https:\/\/calmavillas.com\/fr\/wp-json\/wp\/v2\/types\/page"}],"author":[{"embeddable":true,"href":"https:\/\/calmavillas.com\/fr\/wp-json\/wp\/v2\/users\/1"}],"replies":[{"embeddable":true,"href":"https:\/\/calmavillas.com\/fr\/wp-json\/wp\/v2\/comments?post=1678"}],"version-history":[{"count":3,"href":"https:\/\/calmavillas.com\/fr\/wp-json\/wp\/v2\/pages\/1678\/revisions"}],"predecessor-version":[{"id":3654,"href":"https:\/\/calmavillas.com\/fr\/wp-json\/wp\/v2\/pages\/1678\/revisions\/3654"}],"wp:attachment":[{"href":"https:\/\/calmavillas.com\/fr\/wp-json\/wp\/v2\/media?parent=1678"}],"curies":[{"name":"wp","href":"https:\/\/api.w.org\/{rel}","templated":true}]}}